{"id":25,"date":"2018-11-22T10:27:44","date_gmt":"2018-11-22T08:27:44","guid":{"rendered":"http:\/\/kipponit.fi\/wp\/?page_id=25"},"modified":"2019-05-23T10:19:52","modified_gmt":"2019-05-23T07:19:52","slug":"kipponit","status":"publish","type":"page","link":"https:\/\/kipponit.fi\/wp\/fi\/kipponit\/","title":{"rendered":"KIPPONIT"},"content":{"rendered":"<h4><img loading=\"lazy\" decoding=\"async\" class=\"alignnone wp-image-372\" src=\"http:\/\/kipponit.fi\/wp\/wp-content\/uploads\/2018\/11\/KIPPONIT_PORTTI_TYT\u00d6T.jpg\" alt=\"\" width=\"459\" height=\"364\" srcset=\"https:\/\/kipponit.fi\/wp\/wp-content\/uploads\/2018\/11\/KIPPONIT_PORTTI_TYT\u00d6T.jpg 1575w, https:\/\/kipponit.fi\/wp\/wp-content\/uploads\/2018\/11\/KIPPONIT_PORTTI_TYT\u00d6T-300x238.jpg 300w, https:\/\/kipponit.fi\/wp\/wp-content\/uploads\/2018\/11\/KIPPONIT_PORTTI_TYT\u00d6T-768x608.jpg 768w, https:\/\/kipponit.fi\/wp\/wp-content\/uploads\/2018\/11\/KIPPONIT_PORTTI_TYT\u00d6T-1024x811.jpg 1024w, https:\/\/kipponit.fi\/wp\/wp-content\/uploads\/2018\/11\/KIPPONIT_PORTTI_TYT\u00d6T-1232x975.jpg 1232w, https:\/\/kipponit.fi\/wp\/wp-content\/uploads\/2018\/11\/KIPPONIT_PORTTI_TYT\u00d6T-1364x1080.jpg 1364w\" sizes=\"auto, (max-width: 459px) 100vw, 459px\" \/><\/h4>\n<h5 style=\"text-align: left;\">Moikka ja tervetuloa tutustumaan meihin, Kipponeihin!<\/h5>\n<p><img loading=\"lazy\" decoding=\"async\" class=\"alignnone wp-image-23\" src=\"http:\/\/kipponit.fi\/wp\/wp-content\/uploads\/2018\/11\/Kipponit_Logo_v10_wood_01_web.png\" alt=\"\" width=\"219\" height=\"109\" srcset=\"https:\/\/kipponit.fi\/wp\/wp-content\/uploads\/2018\/11\/Kipponit_Logo_v10_wood_01_web.png 1575w, https:\/\/kipponit.fi\/wp\/wp-content\/uploads\/2018\/11\/Kipponit_Logo_v10_wood_01_web-300x150.png 300w, https:\/\/kipponit.fi\/wp\/wp-content\/uploads\/2018\/11\/Kipponit_Logo_v10_wood_01_web-768x383.png 768w, https:\/\/kipponit.fi\/wp\/wp-content\/uploads\/2018\/11\/Kipponit_Logo_v10_wood_01_web-1024x510.png 1024w, https:\/\/kipponit.fi\/wp\/wp-content\/uploads\/2018\/11\/Kipponit_Logo_v10_wood_01_web-1232x614.png 1232w\" sizes=\"auto, (max-width: 219px) 100vw, 219px\" \/><\/p>\n<h5 style=\"text-align: left;\">Pottonen ja H\u00f6pp\u00f6nen<img loading=\"lazy\" decoding=\"async\" class=\"size-medium wp-image-594 alignleft\" src=\"http:\/\/kipponit.fi\/wp\/wp-content\/uploads\/2019\/05\/4O8A5952-300x200.jpg\" alt=\"\" width=\"300\" height=\"200\" srcset=\"https:\/\/kipponit.fi\/wp\/wp-content\/uploads\/2019\/05\/4O8A5952-300x200.jpg 300w, https:\/\/kipponit.fi\/wp\/wp-content\/uploads\/2019\/05\/4O8A5952-768x512.jpg 768w, https:\/\/kipponit.fi\/wp\/wp-content\/uploads\/2019\/05\/4O8A5952.jpg 1024w\" sizes=\"auto, (max-width: 300px) 100vw, 300px\" \/><\/h5>\n<p style=\"text-align: left;\"><span style=\"font-size: medium;\"> Ilman Pottosta ja H\u00f6pp\u00f6st\u00e4 ei Kipponit Kyl\u00e4\u00e4 olisi edes olemassa! N\u00e4m\u00e4 vitsikk\u00e4\u00e4t veljekset rakastavat pilailua ja h\u00f6p\u00f6tt\u00e4mist\u00e4! Mist\u00e4 tulee nimi Kipponit ja miten Pottonen ja H\u00f6pp\u00f6nen liittyv\u00e4t kyl\u00e4n syntyyn? <\/span><\/p>\n<h5><\/h5>\n<h5><\/h5>\n<h5><\/h5>\n<p>&nbsp;<\/p>\n<p>&nbsp;<\/p>\n<p>&nbsp;<\/p>\n<h5 style=\"text-align: left;\">Kutteri Kultakenk\u00e4<img loading=\"lazy\" decoding=\"async\" class=\"alignright wp-image-607 size-medium\" src=\"http:\/\/kipponit.fi\/wp\/wp-content\/uploads\/2019\/05\/IMG_5832-200x300.jpg\" alt=\"\" width=\"200\" height=\"300\" srcset=\"https:\/\/kipponit.fi\/wp\/wp-content\/uploads\/2019\/05\/IMG_5832-200x300.jpg 200w, https:\/\/kipponit.fi\/wp\/wp-content\/uploads\/2019\/05\/IMG_5832.jpg 512w\" sizes=\"auto, (max-width: 200px) 100vw, 200px\" \/><\/h5>\n<p style=\"text-align: left;\"><span style=\"font-size: medium;\"> Kilisee, kilisee kulkunen\u2026 Jaksaisitko sin\u00e4 kuunnella joululauluja my\u00f6s kes\u00e4ll\u00e4? Kutteri Kultakenk\u00e4p\u00e4 jaksaa. Ja viel\u00e4p\u00e4 vuoden jokaisena p\u00e4iv\u00e4n\u00e4! Kutterin tarina onkin aika erikoinen. Voisi luulla, ett\u00e4 kutteri on kotoisin Rovaniemelt\u00e4 joulupukin maasta, mutta ehei, h\u00e4n tulee paljon paljon kauempaa! <\/span><\/p>\n<p>&nbsp;<\/p>\n<p>&nbsp;<\/p>\n<p>&nbsp;<\/p>\n<p>&nbsp;<\/p>\n<p>&nbsp;<\/p>\n<p>&nbsp;<\/p>\n<h5 style=\"text-align: left;\"><img loading=\"lazy\" decoding=\"async\" class=\"size-medium wp-image-613 alignleft\" src=\"http:\/\/kipponit.fi\/wp\/wp-content\/uploads\/2019\/05\/4O8A5914-1-300x200.jpg\" alt=\"\" width=\"300\" height=\"200\" srcset=\"https:\/\/kipponit.fi\/wp\/wp-content\/uploads\/2019\/05\/4O8A5914-1-300x200.jpg 300w, https:\/\/kipponit.fi\/wp\/wp-content\/uploads\/2019\/05\/4O8A5914-1-768x512.jpg 768w, https:\/\/kipponit.fi\/wp\/wp-content\/uploads\/2019\/05\/4O8A5914-1-1024x683.jpg 1024w, https:\/\/kipponit.fi\/wp\/wp-content\/uploads\/2019\/05\/4O8A5914-1-1232x821.jpg 1232w, https:\/\/kipponit.fi\/wp\/wp-content\/uploads\/2019\/05\/4O8A5914-1-1620x1080.jpg 1620w\" sizes=\"auto, (max-width: 300px) 100vw, 300px\" \/><\/h5>\n<h5 style=\"text-align: left;\">Letti<\/h5>\n<p style=\"text-align: left;\"><span style=\"font-size: medium;\"> T\u00e4m\u00e4 pieni Kipponi rakastaa letitt\u00e4\u00e4 kilpahevosten harjoja. Letill\u00e4 onkin Kipponi-kyl\u00e4ss\u00e4 oma kampaamo! Uskaltaisitko sin\u00e4 istua Letin kampaamotuoliin? <\/span><\/p>\n<h5><\/h5>\n<h5><\/h5>\n<p>&nbsp;<\/p>\n<p>&nbsp;<\/p>\n<p>&nbsp;<\/p>\n<p>&nbsp;<\/p>\n<h5 style=\"text-align: left;\">Pikku-Siipi<img loading=\"lazy\" decoding=\"async\" class=\"size-medium wp-image-608 alignright\" src=\"http:\/\/kipponit.fi\/wp\/wp-content\/uploads\/2019\/05\/IMG_5897-200x300.jpg\" alt=\"\" width=\"200\" height=\"300\" srcset=\"https:\/\/kipponit.fi\/wp\/wp-content\/uploads\/2019\/05\/IMG_5897-200x300.jpg 200w, https:\/\/kipponit.fi\/wp\/wp-content\/uploads\/2019\/05\/IMG_5897.jpg 512w\" sizes=\"auto, (max-width: 200px) 100vw, 200px\" \/><\/h5>\n<p style=\"text-align: left;\"><span style=\"font-size: medium;\"> Yksi kukka, kaksi kukkaa, eip\u00e4s kun SATA kukkaa! Kukkia ei voi koskaan olla liikaa Pikku-Siiven puutarhassa, koska silloin perhosilla on hyv\u00e4 olla! Ja kun perhosilla on hyv\u00e4 olla, niin my\u00f6s Pikku-Siivell\u00e4 on hyv\u00e4 olla. Pikku-Siipi haaveilee, ett\u00e4 oppisi itsekin viel\u00e4 joskus lent\u00e4m\u00e4\u00e4n. Minneh\u00e4n Pikku-Siipi lent\u00e4isi, jos voisi?<\/span><\/p>\n<h5><\/h5>\n<h5><\/h5>\n<h5><\/h5>\n<p>&nbsp;<\/p>\n<p>&nbsp;<\/p>\n<p>&nbsp;<\/p>\n<h5><\/h5>\n<h5 style=\"text-align: left;\">Takku<img loading=\"lazy\" decoding=\"async\" class=\"size-medium wp-image-622 alignleft\" src=\"http:\/\/kipponit.fi\/wp\/wp-content\/uploads\/2019\/05\/4O8A5873-1-300x200.jpg\" alt=\"\" width=\"300\" height=\"200\" srcset=\"https:\/\/kipponit.fi\/wp\/wp-content\/uploads\/2019\/05\/4O8A5873-1-300x200.jpg 300w, https:\/\/kipponit.fi\/wp\/wp-content\/uploads\/2019\/05\/4O8A5873-1-768x512.jpg 768w, https:\/\/kipponit.fi\/wp\/wp-content\/uploads\/2019\/05\/4O8A5873-1.jpg 1024w\" sizes=\"auto, (max-width: 300px) 100vw, 300px\" \/><\/h5>\n<p style=\"text-align: left;\"><span style=\"font-size: medium;\"> Takulla on Kipponit Kyl\u00e4ss\u00e4 oma taikam\u00f6kki, miss\u00e4 h\u00e4n keittelee mit\u00e4 erikoisempia taikaliemi\u00e4. Tule auttamaan Takkua kehittelem\u00e4\u00e4n uusia taikaliemi\u00e4 ja lemmenrohtoja!<\/span><\/p>\n<p>&nbsp;<\/p>\n<p>&nbsp;<\/p>\n<p>&nbsp;<\/p>\n<p>&nbsp;<\/p>\n<p>&nbsp;<\/p>\n<p style=\"text-align: left;\"><span style=\"font-size: medium;\">Jos haluat kuulla lis\u00e4\u00e4, miksi Kipponit ovat sellaisia kun ovat, mist\u00e4 kaikki Kipponit ovat kyl\u00e4\u00e4n saapuneet ja mit\u00e4 kaikkea heille on sit\u00e4 ennen tapahtunut, niin Kipponien hauskat tarinat l\u00f6yd\u00e4t &#8221;Kipponit &#8211; Matka kotikyl\u00e4\u00e4n&#8221; \u2013satukirjasta.\u00a0Kirjan voi tilata alla tilauslomakkeella, s\u00e4hk\u00f6postilla info@kipponit.fi tai puhelimitse numerosta\u00a0+358 40 842 5702.. Katso lis\u00e4\u00e4 sivulta <a href=\"http:\/\/kipponit.fi\/wp\/kipponit-kirja\/\">Kipponi-kirja<\/a>.<\/span><\/p>\n<p>&nbsp;<\/p>\n<p><img loading=\"lazy\" decoding=\"async\" class=\"alignnone wp-image-631 size-large\" src=\"http:\/\/kipponit.fi\/wp\/wp-content\/uploads\/2019\/05\/4O8A6056-Pano-1-1024x576.jpg\" alt=\"\" width=\"1024\" height=\"576\" srcset=\"https:\/\/kipponit.fi\/wp\/wp-content\/uploads\/2019\/05\/4O8A6056-Pano-1-1024x576.jpg 1024w, https:\/\/kipponit.fi\/wp\/wp-content\/uploads\/2019\/05\/4O8A6056-Pano-1-300x169.jpg 300w, https:\/\/kipponit.fi\/wp\/wp-content\/uploads\/2019\/05\/4O8A6056-Pano-1-768x432.jpg 768w, https:\/\/kipponit.fi\/wp\/wp-content\/uploads\/2019\/05\/4O8A6056-Pano-1-1232x692.jpg 1232w, https:\/\/kipponit.fi\/wp\/wp-content\/uploads\/2019\/05\/4O8A6056-Pano-1-1920x1080.jpg 1920w, https:\/\/kipponit.fi\/wp\/wp-content\/uploads\/2019\/05\/4O8A6056-Pano-1.jpg 2048w\" sizes=\"auto, (max-width: 1024px) 100vw, 1024px\" \/><\/p>\n","protected":false},"excerpt":{"rendered":"<p>Moikka ja tervetuloa tutustumaan meihin, Kipponeihin! Pottonen ja H\u00f6pp\u00f6nen Ilman Pottosta ja H\u00f6pp\u00f6st\u00e4 ei Kipponit Kyl\u00e4\u00e4 olisi edes olemassa! N\u00e4m\u00e4 vitsikk\u00e4\u00e4t veljekset rakastavat pilailua ja h\u00f6p\u00f6tt\u00e4mist\u00e4! Mist\u00e4 tulee nimi Kipponit ja miten Pottonen ja H\u00f6pp\u00f6nen liittyv\u00e4t kyl\u00e4n syntyyn? &nbsp; &nbsp; &nbsp; Kutteri Kultakenk\u00e4 Kilisee, kilisee kulkunen\u2026 Jaksaisitko sin\u00e4 kuunnella joululauluja my\u00f6s kes\u00e4ll\u00e4? Kutteri Kultakenk\u00e4p\u00e4 jaksaa.&nbsp;&hellip;<\/p>\n","protected":false},"author":1,"featured_media":0,"parent":0,"menu_order":0,"comment_status":"closed","ping_status":"closed","template":"","meta":{"footnotes":""},"class_list":["post-25","page","type-page","status-publish","hentry"],"_links":{"self":[{"href":"https:\/\/kipponit.fi\/wp\/fi\/wp-json\/wp\/v2\/pages\/25","targetHints":{"allow":["GET"]}}],"collection":[{"href":"https:\/\/kipponit.fi\/wp\/fi\/wp-json\/wp\/v2\/pages"}],"about":[{"href":"https:\/\/kipponit.fi\/wp\/fi\/wp-json\/wp\/v2\/types\/page"}],"author":[{"embeddable":true,"href":"https:\/\/kipponit.fi\/wp\/fi\/wp-json\/wp\/v2\/users\/1"}],"replies":[{"embeddable":true,"href":"https:\/\/kipponit.fi\/wp\/fi\/wp-json\/wp\/v2\/comments?post=25"}],"version-history":[{"count":32,"href":"https:\/\/kipponit.fi\/wp\/fi\/wp-json\/wp\/v2\/pages\/25\/revisions"}],"predecessor-version":[{"id":633,"href":"https:\/\/kipponit.fi\/wp\/fi\/wp-json\/wp\/v2\/pages\/25\/revisions\/633"}],"wp:attachment":[{"href":"https:\/\/kipponit.fi\/wp\/fi\/wp-json\/wp\/v2\/media?parent=25"}],"curies":[{"name":"wp","href":"https:\/\/api.w.org\/{rel}","templated":true}]}}